{"id":31578,"date":"2020-07-09T16:00:03","date_gmt":"2020-07-09T14:00:03","guid":{"rendered":"https:\/\/newc.fr\/jp\/product\/protection-decran-verre-trempe-reno-4\/"},"modified":"2026-02-16T05:17:02","modified_gmt":"2026-02-16T04:17:02","slug":"protection-decran-verre-trempe-reno-4","status":"publish","type":"product","link":"https:\/\/newc.fr\/jp\/product\/protection-decran-verre-trempe-reno-4\/","title":{"rendered":"NEW&rsquo;C Lot de 2, Verre Tremp\u00e9 pour Oppo Reno 4, [Non Pour Reno 4Z] Film Protection \u00e9cran efficace contre les Rayures &#8211; Ultra R\u00e9sistant (0,33mm HD Ultra Transparent) Duret\u00e9 9H Glass"},"content":{"rendered":"<h2>Tout savoir sur : Protection d&rsquo;\u00e9cran Verre tremp\u00e9 Reno 4<\/h2>\n<div style='background-color: #e7f3fe;border-left: 6px solid #2196F3;padding: 10px;margin-bottom: 15px'><strong>Compatibilit\u00e9 confirm\u00e9e :<\/strong> Ce produit est sp\u00e9cialement con\u00e7u pour Reno 4.<\/div>\n<div class='product-story'>Prot\u00e9gez votre Oppo Reno 4 avec notre protection d&rsquo;\u00e9cran en verre tremp\u00e9 de haute qualit\u00e9. Con\u00e7u sp\u00e9cifiquement pour le mod\u00e8le Reno 4, ce film de protection offre une d\u00e9fense ultime contre les rayures et les impacts gr\u00e2ce \u00e0 sa duret\u00e9 de 9H. Avec une \u00e9paisseur de seulement 0,33 mm, il assure une transparence HD ultra claire, pr\u00e9servant la qualit\u00e9 d&rsquo;affichage de votre \u00e9cran. Le rev\u00eatement ol\u00e9ophobe emp\u00eache les empreintes digitales et autres contaminants, facilitant ainsi le nettoyage. L&rsquo;installation est un jeu d&rsquo;enfant gr\u00e2ce \u00e0 l&rsquo;adh\u00e9sif en silicium solide qui garantit une pose sans bulles et sans poussi\u00e8re. De plus, la sensibilit\u00e9 tactile de votre \u00e9cran reste intacte, vous offrant une exp\u00e9rience utilisateur fluide et agr\u00e9able. Optez pour cette solution de protection id\u00e9ale et gardez votre Oppo Reno 4 comme neuf.<\/div>\n<div class=\"product-faq-section\">\n<h3>FAQ : Protection d&rsquo;\u00e9cran Verre tremp\u00e9 Reno 4<\/h3>\n<p><strong>Q : Ce produit est-il compatible avec Reno 4 ?<\/strong><br \/>R : Oui, ce <strong>Protection d&rsquo;\u00e9cran Verre tremp\u00e9 Reno 4<\/strong> est parfaitement compatible avec : Reno 4.<\/p>\n<p><strong>Q : L&rsquo;installation est-elle facile ?<\/strong><br \/>R : Absolument. Il est con\u00e7u pour une installation facile et sans bulles.<\/p>\n<p><strong>Q : Offre-t-il une bonne protection ?<\/strong><br \/>R : Oui, avec ses mat\u00e9riaux de qualit\u00e9, il prot\u00e8ge efficacement contre les rayures et les chocs.<\/p>\n<\/div>\n<p><small>En savoir plus sur <a href=\"https:\/\/fr.wikipedia.org\/wiki\/Oppo\" target=\"_blank\" rel=\"nofollow noopener\">OPPO<\/a>.<\/small><\/p>\n<hr>\n<h3>Caract\u00e9ristiques principales :<\/h3>\n<ul>\n<li>2 Pack Verre Tremp\u00e9 Oppo Reno 4, tr\u00e8s grande duret\u00e9: r\u00e9siste aux \u00e9gratignures jusqu&rsquo; \u00e0 9H. Haute-r\u00e9ponse et une grande transparence.<\/li>\n<li>ATTENTION: NON Compatible avec Oppo Reno, Oppo Reno 2, Oppo Reno 4z, Oppo Reno 4 Pro.<\/li>\n<li>Ol\u00e9ophobe: il a un rev\u00eatement ol\u00e9ophobique qui emp\u00eache les empreintes digitales et d&rsquo;autres contaminants et rend le film facile \u00e0 nettoyer.<\/li>\n<li>Fabriqu\u00e9 \u00e0 partir de verre tremp\u00e9 premium haute qualit\u00e9, 0,33 mm \u00e9paisseur et des bords arrondis. Solution de protection id\u00e9ale : Extr\u00eamement dure, prot\u00e8ge l&rsquo;\u00e9cran du t\u00e9l\u00e9phone des chocs et des d\u00e9g\u00e2ts. Installation sans poussi\u00e8re, sans empreintes digitales, facile d&rsquo;une simple pression, sans bulles.<\/li>\n<li>Protection d&rsquo;\u00e9cran en Verre Tremp\u00e9 NEW&rsquo;C, Touche d\u00e9licate: il est rev\u00eatu sur le dos avec un adh\u00e9sif de silicium solide qui rend l&rsquo;installation facile et attache le film fermement afin de ne pas influer sur la sensibilit\u00e9 de l&rsquo;\u00e9cran tactile.<\/li>\n<\/ul>\n<hr>\n<h3>Sp\u00e9cifications :<\/h3>\n<table class='shop_attributes'>\n<tr>\n<th>Mod\u00e8les compatibles<\/th>\n<td>Oppo Reno 4<\/td>\n<\/tr>\n<tr>\n<th>Mat\u00e9riau<\/th>\n<td>Verre tremp\u00e9<\/td>\n<\/tr>\n<tr>\n<th>Couleur<\/th>\n<td>Transparent<\/td>\n<\/tr>\n<tr>\n<th>Duret\u00e9<\/th>\n<td>9H<\/td>\n<\/tr>\n<tr>\n<th>Fonctions sp\u00e9ciales<\/th>\n<td>Anti-bulle, \u00abTouch Sensitive\u00bb, Anti-\u00e9clat, Anti-empreinte digitale, R\u00e9sistant \u00e0 la rayure<\/td>\n<\/tr>\n<\/table>\n","protected":false},"excerpt":{"rendered":"<p>Protection d&rsquo;\u00e9cran en verre tremp\u00e9 pour Oppo Reno 4, offrant une duret\u00e9 de 9H et une transparence HD.<\/p>\n","protected":false},"featured_media":31570,"comment_status":"open","ping_status":"closed","template":"","meta":[],"product_brand":[],"product_cat":[77,78],"product_tag":[],"class_list":{"0":"post-31578","1":"product","2":"type-product","3":"status-publish","4":"has-post-thumbnail","6":"product_cat-oppo","7":"product_cat-reno-series","8":"pa_hardness-9h","9":"pa_material-verre-trempe","10":"pa_modele-reno-4","11":"pa_special-features-0-33mm","12":"pa_special-features-hd","13":"pa_special-features-oleophobe","14":"pa_special-features-sans-bulles","15":"pa_special-features-ultra-transparent","16":"pa_type-de-produit-protection-decran","18":"first","19":"outofstock","20":"shipping-taxable","21":"purchasable","22":"product-type-simple"},"_links":{"self":[{"href":"https:\/\/newc.fr\/jp\/wp-json\/wp\/v2\/product\/31578","targetHints":{"allow":["GET"]}}],"collection":[{"href":"https:\/\/newc.fr\/jp\/wp-json\/wp\/v2\/product"}],"about":[{"href":"https:\/\/newc.fr\/jp\/wp-json\/wp\/v2\/types\/product"}],"replies":[{"embeddable":true,"href":"https:\/\/newc.fr\/jp\/wp-json\/wp\/v2\/comments?post=31578"}],"version-history":[{"count":0,"href":"https:\/\/newc.fr\/jp\/wp-json\/wp\/v2\/product\/31578\/revisions"}],"wp:featuredmedia":[{"embeddable":true,"href":"https:\/\/newc.fr\/jp\/wp-json\/wp\/v2\/media\/31570"}],"wp:attachment":[{"href":"https:\/\/newc.fr\/jp\/wp-json\/wp\/v2\/media?parent=31578"}],"wp:term":[{"taxonomy":"product_brand","embeddable":true,"href":"https:\/\/newc.fr\/jp\/wp-json\/wp\/v2\/product_brand?post=31578"},{"taxonomy":"product_cat","embeddable":true,"href":"https:\/\/newc.fr\/jp\/wp-json\/wp\/v2\/product_cat?post=31578"},{"taxonomy":"product_tag","embeddable":true,"href":"https:\/\/newc.fr\/jp\/wp-json\/wp\/v2\/product_tag?post=31578"}],"curies":[{"name":"wp","href":"https:\/\/api.w.org\/{rel}","templated":true}]}}