{"id":3,"date":"2025-05-27T18:01:57","date_gmt":"2025-05-27T10:01:57","guid":{"rendered":"https:\/\/newc.fr\/jp\/?page_id=3"},"modified":"2026-02-04T09:55:42","modified_gmt":"2026-02-04T08:55:42","slug":"privacy-policy","status":"publish","type":"page","link":"https:\/\/newc.fr\/jp\/privacy-policy\/","title":{"rendered":"Mentions l\u00e9gales"},"content":{"rendered":"\t\t<div data-elementor-type=\"wp-page\" data-elementor-id=\"3\" class=\"elementor elementor-3\" data-elementor-post-type=\"page\">\n\t\t\t\t<div class=\"wd-negative-gap elementor-element elementor-element-4a36357 e-flex e-con-boxed e-con e-parent\" data-id=\"4a36357\" data-element_type=\"container\">\n\t\t\t\t\t<div class=\"e-con-inner\">\n\t\t\t\t<div class=\"elementor-element elementor-element-9309c2b elementor-widget elementor-widget-wd_text_block\" data-id=\"9309c2b\" data-element_type=\"widget\" data-widget_type=\"wd_text_block.default\">\n\t\t\t\t<div class=\"elementor-widget-container\">\n\t\t\t\t\t\t\t<div class=\"wd-text-block reset-last-child text-left\">\n\t\t\t\n\t\t\t<div class=\"bloc_contenu\" style=\"font-family: Arial, sans-serif; line-height: 1.6; color: #333;\"><h2 class=\"titleWidgetWrapper\" style=\"color: #0056b3; border-bottom: 2px solid #eee; padding-bottom: 10px;\">Mentions L\u00e9gales<\/h2><h3>\u00a0<\/h3><h3>1. IDENTIT\u00c9 DE L'ENTREPRISE<\/h3><p>Conform\u00e9ment aux dispositions des articles 6-III et 19 de la Loi n\u00b0 2004-575 du 21 juin 2004 pour la Confiance dans l'\u00e9conomie num\u00e9rique (L.C.E.N.), nous portons \u00e0 la connaissance des utilisateurs et visiteurs du site <strong>www.newc.fr<\/strong> les informations suivantes :<\/p><p>Le site est \u00e9dit\u00e9 et exploit\u00e9 par :<\/p><h4>SAS SALISE (Marque NEW'C)<\/h4><p><strong>Si\u00e8ge social :<\/strong><br \/>10 Passage de l'Avenir<br \/>93300 Aubervilliers<br \/>FRANCE<\/p><p><strong>Informations l\u00e9gales :<\/strong><br \/>Forme juridique : SAS (Soci\u00e9t\u00e9 par Actions Simplifi\u00e9e)<br \/>Capital social : 1 000 \u20ac [Veuillez v\u00e9rifier ce montant sur vos statuts]<br \/>RCS Bobigny : 914 805 668<br \/>SIRET : 914 805 668 00018<br \/>Num\u00e9ro de TVA Intracommunautaire : FR90914805668<\/p><p>\u00a0<\/p><h3>2. H\u00c9BERGEUR DU SITE<\/h3><p>Le site <strong>www.newc.fr<\/strong> est h\u00e9berg\u00e9 par :<\/p><p><strong>OVH SAS<\/strong><br \/>2 rue Kellermann<br \/>BP 80157<br \/>59100 Roubaix<br \/>FRANCE<\/p><p>Site internet : <a href=\"https:\/\/www.ovhcloud.com\" target=\"_blank\" rel=\"noopener\">https:\/\/www.ovhcloud.com<\/a><\/p><h3>3. PROPRI\u00c9T\u00c9 INTELLECTUELLE<\/h3><p>L\u2019ensemble de ce site rel\u00e8ve de la l\u00e9gislation fran\u00e7aise et internationale sur le droit d\u2019auteur et la propri\u00e9t\u00e9 intellectuelle.<\/p><p>La marque <strong>NEW'C<\/strong>, ainsi que les logos, textes et images figurant sur le site sont la propri\u00e9t\u00e9 exclusive de la soci\u00e9t\u00e9 <strong>SALISE SAS<\/strong>. Toute reproduction, totale ou partielle, est formellement interdite sauf autorisation expresse.<\/p><h3>4. COOKIES &amp; DONN\u00c9ES PERSONNELLES<\/h3><p><strong>Cookies :<\/strong><br \/>Le site utilise des cookies (t\u00e9moins de connexion) afin d'am\u00e9liorer l'exp\u00e9rience utilisateur, notamment pour la gestion du panier d'achat et les statistiques de fr\u00e9quentation. Ces donn\u00e9es sont temporaires.<\/p><p><strong>RGPD :<\/strong><br \/>Les donn\u00e9es personnelles collect\u00e9es (nom, adresse, email) sont exclusivement destin\u00e9es \u00e0 la gestion de vos commandes par la soci\u00e9t\u00e9 SALISE. Conform\u00e9ment au R\u00e8glement G\u00e9n\u00e9ral sur la Protection des Donn\u00e9es (RGPD), vous disposez d\u2019un droit d\u2019acc\u00e8s, de rectification et de suppression de vos donn\u00e9es.<\/p><p>Pour exercer ce droit, contactez-nous par email \u00e0 : <strong>contact@newc.fr<\/strong><\/p><h3>5. CONTACT<\/h3><p>Pour toute question ou r\u00e9clamation, vous pouvez nous joindre :<\/p><ul><li><strong>Par le formulaire de contact :<\/strong> Disponible sur la page \"Contactez-nous\".<\/li><li><strong>Par email :<\/strong> contact@newc.fr (R\u00e9ponse sous 24h ouvr\u00e9es)<\/li><li><strong>Par courrier :<\/strong> SALISE SAS, 10 Passage de l'Avenir, 93300 Aubervilliers.<\/li><\/ul><\/div>\n\t\t\t\t\t<\/div>\n\t\t\t\t\t\t<\/div>\n\t\t\t\t<\/div>\n\t\t\t\t\t<\/div>\n\t\t\t\t<\/div>\n\t\t\t\t<\/div>\n\t\t","protected":false},"excerpt":{"rendered":"<p>Mentions L\u00e9gales \u00a0 1. IDENTIT\u00c9 DE L&rsquo;ENTREPRISE Conform\u00e9ment aux dispositions des articles 6-III et 19 de la Loi n\u00b0 2004-575<\/p>\n","protected":false},"author":1,"featured_media":0,"parent":0,"menu_order":0,"comment_status":"closed","ping_status":"closed","template":"","meta":{"footnotes":""},"class_list":["post-3","page","type-page","status-publish","hentry"],"_links":{"self":[{"href":"https:\/\/newc.fr\/jp\/wp-json\/wp\/v2\/pages\/3","targetHints":{"allow":["GET"]}}],"collection":[{"href":"https:\/\/newc.fr\/jp\/wp-json\/wp\/v2\/pages"}],"about":[{"href":"https:\/\/newc.fr\/jp\/wp-json\/wp\/v2\/types\/page"}],"author":[{"embeddable":true,"href":"https:\/\/newc.fr\/jp\/wp-json\/wp\/v2\/users\/1"}],"replies":[{"embeddable":true,"href":"https:\/\/newc.fr\/jp\/wp-json\/wp\/v2\/comments?post=3"}],"version-history":[{"count":5,"href":"https:\/\/newc.fr\/jp\/wp-json\/wp\/v2\/pages\/3\/revisions"}],"predecessor-version":[{"id":19797,"href":"https:\/\/newc.fr\/jp\/wp-json\/wp\/v2\/pages\/3\/revisions\/19797"}],"wp:attachment":[{"href":"https:\/\/newc.fr\/jp\/wp-json\/wp\/v2\/media?parent=3"}],"curies":[{"name":"wp","href":"https:\/\/api.w.org\/{rel}","templated":true}]}}