{"id":26516,"date":"2021-09-01T22:24:47","date_gmt":"2021-09-01T20:24:47","guid":{"rendered":"https:\/\/newc.fr\/jp\/product\/protection-decran-verre-trempe-iphone-6-iphone-6s-2\/"},"modified":"2026-02-16T09:43:58","modified_gmt":"2026-02-16T08:43:58","slug":"protection-decran-verre-trempe-iphone-6-iphone-6s-2","status":"publish","type":"product","link":"https:\/\/newc.fr\/fr\/product\/protection-decran-verre-trempe-iphone-6-iphone-6s-2\/","title":{"rendered":"NEW&rsquo;C Coque pour iPhone 6, iPhone 6s (4,7&Prime;) Silicone Ultra Fine Noir et 2 \u00d7 Verre tremp\u00e9 pour iPhone 6, iPhone 6s Film Protection \u00e9cran"},"content":{"rendered":"<h2>Tout savoir sur : Protection d&rsquo;\u00e9cran Verre tremp\u00e9 iPhone 6 \/ iPhone 6s<\/h2>\n<div style='background-color: #e7f3fe;border-left: 6px solid #2196F3;padding: 10px;margin-bottom: 15px'><strong>Compatibilit\u00e9 confirm\u00e9e :<\/strong> Ce produit est sp\u00e9cialement con\u00e7u pour iPhone 6, iPhone 6s.<\/div>\n<div class='product-story'>Prot\u00e9gez votre iPhone 6 et iPhone 6s avec notre ensemble de protection ultime. Ce pack comprend deux protections d&rsquo;\u00e9cran en verre tremp\u00e9 de haute qualit\u00e9 et une coque en silicone ultra fine noire, con\u00e7ue sp\u00e9cifiquement pour ces mod\u00e8les. Le verre tremp\u00e9 offre une duret\u00e9 exceptionnelle de 9H, garantissant une r\u00e9sistance optimale contre les chocs et les rayures. Avec une \u00e9paisseur de seulement 0,33 mm, il assure une transparence cristalline et une r\u00e9ponse tactile parfaite, pr\u00e9servant l&rsquo;exp\u00e9rience utilisateur de votre iPhone. La coque en silicone, quant \u00e0 elle, est ultra mince et l\u00e9g\u00e8re, offrant une protection compl\u00e8te sans alourdir votre appareil. Sa finition mate douce au toucher repousse les empreintes digitales et les taches, tout en permettant une prise en main confortable et s\u00e9curis\u00e9e. De plus, elle est compatible avec la charge sans fil, vous permettant de recharger votre t\u00e9l\u00e9phone sans avoir \u00e0 retirer la coque. Offrez \u00e0 votre iPhone 6 ou iPhone 6s la protection qu&rsquo;il m\u00e9rite avec cet ensemble pratique et \u00e9l\u00e9gant, alliant style et fonctionnalit\u00e9.<\/div>\n<div class=\"product-faq-section\">\n<h3>FAQ : Protection d&rsquo;\u00e9cran Verre tremp\u00e9 iPhone 6 \/ iPhone 6s<\/h3>\n<p><strong>Q : Ce produit est-il compatible avec iPhone 6 ?<\/strong><br \/>R : Oui, ce <strong>Protection d&rsquo;\u00e9cran Verre tremp\u00e9 iPhone 6 \/ iPhone 6s<\/strong> est parfaitement compatible avec : iPhone 6, iPhone 6s.<\/p>\n<p><strong>Q : L&rsquo;installation est-elle facile ?<\/strong><br \/>R : Absolument. Il est con\u00e7u pour une installation facile et sans bulles.<\/p>\n<p><strong>Q : Offre-t-il une bonne protection ?<\/strong><br \/>R : Oui, avec ses mat\u00e9riaux de qualit\u00e9, il prot\u00e8ge efficacement contre les rayures et les chocs.<\/p>\n<\/div>\n<p><small>En savoir plus sur <a href=\"https:\/\/fr.wikipedia.org\/wiki\/Apple\" target=\"_blank\" rel=\"nofollow noopener\">Apple<\/a>.<\/small><\/p>\n<hr>\n<h3>Caract\u00e9ristiques principales :<\/h3>\n<ul>\n<li>Le lot contient 2 pi\u00e8ces de protection d&rsquo;\u00e9cran en verre tremp\u00e9 pour iPhone 6, iPhone 6s et une coque noir pour iPhone 6, iPhone 6s . Procurez une protection maximale.<\/li>\n<li>ATTENTION: Non Compatible avec iPhone 6 Plus, iPhone 6s Plus 5.5&Prime;<\/li>\n<li>Coque noir mate : ultra mince et l\u00e9g\u00e8re. La surface mate ayant une texture douce et repoussant les taches empreintes. Fabriqu\u00e9 avec silicone et PC de haute qualit\u00e9. Toucher doux et soyeux et bonne prise en main. Offrir \u00e0 votre appareil une protection compl\u00e8te. Prend en charge la charge sans fil<\/li>\n<li>Fabriqu\u00e9 en verre tremp\u00e9 premium haute qualit\u00e9 avec 0,33 mm \u00e9paisseur avec les bordures arrondis. Solution id\u00e9ale d&rsquo;anti-casse: Extr\u00eamement haute duret\u00e9, prot\u00e8ge l&rsquo;\u00e9cran du t\u00e9l\u00e9phone des chocs et des dommages accidentels.<\/li>\n<li>Tr\u00e8s haute duret\u00e9, R\u00e9siste aux impacts jusqu&rsquo;\u00e0 9H. Haute-r\u00e9ponse et haute transparence.<\/li>\n<\/ul>\n<hr>\n<h3>Sp\u00e9cifications :<\/h3>\n<table class='shop_attributes'>\n<tr>\n<th>Mod\u00e8les compatibles<\/th>\n<td>iPhone 6, iPhone 6S<\/td>\n<\/tr>\n<tr>\n<th>Mat\u00e9riau<\/th>\n<td>Silicone, Verre tremp\u00e9<\/td>\n<\/tr>\n<tr>\n<th>Couleur<\/th>\n<td>NOIR<\/td>\n<\/tr>\n<tr>\n<th>Fonctions sp\u00e9ciales<\/th>\n<td>Taille slim, Screen Protector, Anti-Shatter, Anti-Fingerprint, Scratch Resistant<\/td>\n<\/tr>\n<\/table>\n","protected":false},"excerpt":{"rendered":"<p>Protection d&rsquo;\u00e9cran en verre tremp\u00e9 et coque en silicone pour iPhone 6 et iPhone 6s.<\/p>\n","protected":false},"featured_media":26509,"comment_status":"open","ping_status":"closed","template":"","meta":[],"product_brand":[],"product_cat":[75,83],"product_tag":[],"class_list":{"0":"post-26516","1":"product","2":"type-product","3":"status-publish","4":"has-post-thumbnail","6":"product_cat-apple","7":"product_cat-iphone","8":"pa_hardness-9h","9":"pa_material-silicone","10":"pa_material-verre-trempe","11":"pa_modele-iphone-6","12":"pa_modele-iphone-6s","13":"pa_special-features-0-33mm","14":"pa_special-features-haute-transparence","15":"pa_type-de-produit-protection-decran","17":"first","18":"outofstock","19":"shipping-taxable","20":"purchasable","21":"product-type-simple"},"_links":{"self":[{"href":"https:\/\/newc.fr\/fr\/wp-json\/wp\/v2\/product\/26516","targetHints":{"allow":["GET"]}}],"collection":[{"href":"https:\/\/newc.fr\/fr\/wp-json\/wp\/v2\/product"}],"about":[{"href":"https:\/\/newc.fr\/fr\/wp-json\/wp\/v2\/types\/product"}],"replies":[{"embeddable":true,"href":"https:\/\/newc.fr\/fr\/wp-json\/wp\/v2\/comments?post=26516"}],"version-history":[{"count":0,"href":"https:\/\/newc.fr\/fr\/wp-json\/wp\/v2\/product\/26516\/revisions"}],"wp:featuredmedia":[{"embeddable":true,"href":"https:\/\/newc.fr\/fr\/wp-json\/wp\/v2\/media\/26509"}],"wp:attachment":[{"href":"https:\/\/newc.fr\/fr\/wp-json\/wp\/v2\/media?parent=26516"}],"wp:term":[{"taxonomy":"product_brand","embeddable":true,"href":"https:\/\/newc.fr\/fr\/wp-json\/wp\/v2\/product_brand?post=26516"},{"taxonomy":"product_cat","embeddable":true,"href":"https:\/\/newc.fr\/fr\/wp-json\/wp\/v2\/product_cat?post=26516"},{"taxonomy":"product_tag","embeddable":true,"href":"https:\/\/newc.fr\/fr\/wp-json\/wp\/v2\/product_tag?post=26516"}],"curies":[{"name":"wp","href":"https:\/\/api.w.org\/{rel}","templated":true}]}}