{"id":29,"date":"2023-04-20T11:47:20","date_gmt":"2023-04-20T11:47:20","guid":{"rendered":"https:\/\/dummy.xtemos.com\/woodmart2\/furniture2-elementor\/?page_id=29"},"modified":"2026-02-04T05:23:27","modified_gmt":"2026-02-04T04:23:27","slug":"contact-us","status":"publish","type":"page","link":"https:\/\/newc.fr\/fr\/contact-us\/","title":{"rendered":"Contactez-nous"},"content":{"rendered":"\t\t<div data-elementor-type=\"wp-page\" data-elementor-id=\"29\" class=\"elementor elementor-29\" data-elementor-post-type=\"page\">\n\t\t\t\t<div class=\"wd-negative-gap elementor-element elementor-element-3975abb e-flex e-con-boxed e-con e-parent\" data-id=\"3975abb\" data-element_type=\"container\">\n\t\t\t\t\t<div class=\"e-con-inner\">\n\t\t<div class=\"elementor-element elementor-element-cc9c43d e-con-full e-flex e-con e-child\" data-id=\"cc9c43d\" data-element_type=\"container\">\n\t\t<div class=\"elementor-element elementor-element-ac089b7 e-con-full e-flex e-con e-child\" data-id=\"ac089b7\" data-element_type=\"container\">\n\t\t\t\t<div class=\"elementor-element elementor-element-223e316 wd-cf7 elementor-widget elementor-widget-wd_contact_form_7\" data-id=\"223e316\" data-element_type=\"widget\" data-widget_type=\"wd_contact_form_7.default\">\n\t\t\t\t<div class=\"elementor-widget-container\">\n\t\t\t\t\t\n<div class=\"wpcf7 no-js\" id=\"wpcf7-f19733-o1\" lang=\"zh-CN\" dir=\"ltr\" data-wpcf7-id=\"19733\">\n<div class=\"screen-reader-response\"><p role=\"status\" aria-live=\"polite\" aria-atomic=\"true\"><\/p> <ul><\/ul><\/div>\n<form action=\"\/fr\/wp-json\/wp\/v2\/pages\/29#wpcf7-f19733-o1\" method=\"post\" class=\"wpcf7-form init\" aria-label=\"\u7559\u8a00\u8868\u5355\" novalidate=\"novalidate\" data-status=\"init\">\n<fieldset class=\"hidden-fields-container\"><input type=\"hidden\" name=\"_wpcf7\" value=\"19733\" \/><input type=\"hidden\" name=\"_wpcf7_version\" value=\"6.1.4\" \/><input type=\"hidden\" name=\"_wpcf7_locale\" value=\"zh_CN\" \/><input type=\"hidden\" name=\"_wpcf7_unit_tag\" value=\"wpcf7-f19733-o1\" \/><input type=\"hidden\" name=\"_wpcf7_container_post\" value=\"0\" \/><input type=\"hidden\" name=\"_wpcf7_posted_data_hash\" value=\"\" \/>\n<\/fieldset>\n<p><label> Votre nom<br \/>\n<span class=\"wpcf7-form-control-wrap\" data-name=\"your-name\"><input size=\"40\" maxlength=\"400\" class=\"wpcf7-form-control wpcf7-text wpcf7-validates-as-required\" autocomplete=\"name\" aria-required=\"true\" aria-invalid=\"false\" value=\"\" type=\"text\" name=\"your-name\" \/><\/span> <\/label>\n<\/p>\n<p><label> Votre adresse e-mail<br \/>\n<span class=\"wpcf7-form-control-wrap\" data-name=\"your-email\"><input size=\"40\" maxlength=\"400\" class=\"wpcf7-form-control wpcf7-email wpcf7-validates-as-required wpcf7-text wpcf7-validates-as-email\" autocomplete=\"email\" aria-required=\"true\" aria-invalid=\"false\" value=\"\" type=\"email\" name=\"your-email\" \/><\/span> <\/label>\n<\/p>\n<p><label> Objet<br \/>\n<span class=\"wpcf7-form-control-wrap\" data-name=\"your-subject\"><input size=\"40\" maxlength=\"400\" class=\"wpcf7-form-control wpcf7-text wpcf7-validates-as-required\" aria-required=\"true\" aria-invalid=\"false\" value=\"\" type=\"text\" name=\"your-subject\" \/><\/span> <\/label>\n<\/p>\n<p><label> Votre message (Facultatif)<br \/>\n<span class=\"wpcf7-form-control-wrap\" data-name=\"your-message\"><textarea cols=\"40\" rows=\"10\" maxlength=\"2000\" class=\"wpcf7-form-control wpcf7-textarea\" aria-invalid=\"false\" name=\"your-message\"><\/textarea><\/span> <\/label>\n<\/p>\n<p><input class=\"wpcf7-form-control wpcf7-submit has-spinner\" type=\"submit\" value=\"Envoyer\" \/>\n<\/p><div class=\"wpcf7-response-output\" aria-hidden=\"true\"><\/div>\n<\/form>\n<\/div>\n\t\t\t\t<\/div>\n\t\t\t\t<\/div>\n\t\t\t\t<\/div>\n\t\t\t\t<\/div>\n\t\t<div class=\"elementor-element elementor-element-f854435 e-con-full e-flex e-con e-child\" data-id=\"f854435\" data-element_type=\"container\">\n\t\t<div class=\"elementor-element elementor-element-34aaa52 e-con-full e-flex e-con e-child\" data-id=\"34aaa52\" data-element_type=\"container\">\n\t\t\t\t<div class=\"elementor-element elementor-element-dd2c2d6 elementor-widget elementor-widget-wd_image_or_svg\" data-id=\"dd2c2d6\" data-element_type=\"widget\" data-widget_type=\"wd_image_or_svg.default\">\n\t\t\t\t<div class=\"elementor-widget-container\">\n\t\t\t\t\t\n\t\t<div class=\"wd-image text-left\">\n\t\t\t\t\t\t\t\t<img fetchpriority=\"high\" decoding=\"async\" width=\"340\" height=\"340\" src=\"https:\/\/newc.fr\/fr\/wp-content\/uploads\/2023\/04\/wd-furniture-contact-us-torino-img-340x340.png\" class=\"attachment-340x340 size-340x340\" alt=\"\" srcset=\"https:\/\/newc.fr\/fr\/wp-content\/uploads\/2023\/04\/wd-furniture-contact-us-torino-img-340x340.png 340w, https:\/\/newc.fr\/fr\/wp-content\/uploads\/2023\/04\/wd-furniture-contact-us-torino-img-300x300.png 300w, https:\/\/newc.fr\/fr\/wp-content\/uploads\/2023\/04\/wd-furniture-contact-us-torino-img-150x150.png 150w, https:\/\/newc.fr\/fr\/wp-content\/uploads\/2023\/04\/wd-furniture-contact-us-torino-img.png 510w\" sizes=\"(max-width: 340px) 100vw, 340px\" \/>\t\t\t\t\t<\/div>\n\n\t\t\t\t\t\t<\/div>\n\t\t\t\t<\/div>\n\t\t\t\t<\/div>\n\t\t<div class=\"elementor-element elementor-element-93e69ef e-con-full e-flex e-con e-child\" data-id=\"93e69ef\" data-element_type=\"container\">\n\t\t\t\t<div class=\"elementor-element elementor-element-4fff840 wd-width-100 elementor-widget elementor-widget-wd_title\" data-id=\"4fff840\" data-element_type=\"widget\" data-widget_type=\"wd_title.default\">\n\t\t\t\t<div class=\"elementor-widget-container\">\n\t\t\t\t\t\t\t<div class=\"title-wrapper wd-set-mb reset-last-child wd-title-color-default wd-title-style-default wd-title-size-large text-left\">\n\n\t\t\t\n\t\t\t<div class=\"liner-continer\">\n\t\t\t\t<h4 class=\"woodmart-title-container title wd-fontsize-xxl\">SALISE<\/h4> \n\t\t\t\t\t\t\t<\/div>\n\n\t\t\t\t\t<\/div>\n\t\t\t\t\t\t<\/div>\n\t\t\t\t<\/div>\n\t\t\t\t<div class=\"elementor-element elementor-element-9ab00c8 elementor-widget elementor-widget-wd_text_block\" data-id=\"9ab00c8\" data-element_type=\"widget\" data-widget_type=\"wd_text_block.default\">\n\t\t\t\t<div class=\"elementor-widget-container\">\n\t\t\t\t\t\t\t<div class=\"wd-text-block reset-last-child text-left color-title\">\n\t\t\t\n\t\t\t<p><strong>10 PASSAGE DE L'AVENIR, 93300 AUBERVILLIERS<\/strong><\/p><p><strong>Du lundi au vendredi<\/strong> 09:00 - 17:00<\/p><p><strong>contact@newc.fr<\/strong><br \/><strong>(+331) 46789830<\/strong><\/p>\n\t\t\t\t\t<\/div>\n\t\t\t\t\t\t<\/div>\n\t\t\t\t<\/div>\n\t\t\t\t<\/div>\n\t\t\t\t<\/div>\n\t\t\t\t\t<\/div>\n\t\t\t\t<\/div>\n\t\t<div class=\"wd-negative-gap elementor-element elementor-element-e5ff7fd wd-collapsible-content e-flex e-con-boxed e-con e-parent\" data-id=\"e5ff7fd\" data-element_type=\"container\">\n\t\t\t\t\t<div class=\"e-con-inner\">\n\t\t\t\t<div class=\"elementor-element elementor-element-54e2fbc elementor-widget elementor-widget-wd_text_block\" data-id=\"54e2fbc\" data-element_type=\"widget\" data-widget_type=\"wd_text_block.default\">\n\t\t\t\t<div class=\"elementor-widget-container\">\n\t\t\t\t\t\t\t<div class=\"wd-text-block reset-last-child text-left\">\n\t\t\t\n\t\t\t<h3>Fond\u00e9e en 2008, NEW\u2019C est n\u00e9e d\u2019une volont\u00e9 simple : offrir une protection d\u2019\u00e9cran fiable, sans compromettre l\u2019exp\u00e9rience d\u2019utilisation.<\/h3><p data-start=\"156\" data-end=\"495\">\u00c0 une \u00e9poque o\u00f9 les smartphones devenaient indispensables au quotidien, NEW\u2019C a choisi de se sp\u00e9cialiser dans un domaine pr\u00e9cis \u2014 la protection de l\u2019\u00e9cran \u2014 et d\u2019y consacrer tout son savoir-faire.<\/p><p data-start=\"497\" data-end=\"793\">Au fil des ann\u00e9es, la marque a continuellement am\u00e9lior\u00e9 ses technologies et ses mat\u00e9riaux afin de r\u00e9pondre \u00e0 l\u2019\u00e9volution des appareils et aux attentes des utilisateurs. R\u00e9sistance, clart\u00e9, sensibilit\u00e9 tactile et facilit\u00e9 d\u2019installation sont devenues les priorit\u00e9s de chaque d\u00e9veloppement produit.<\/p><p data-start=\"795\" data-end=\"1138\">Aujourd\u2019hui, forte de plus de 15 ans d\u2019exp\u00e9rience, NEW\u2019C propose des solutions de protection pens\u00e9es pour un usage quotidien, alliant performance, durabilit\u00e9 et confort.<br data-start=\"964\" data-end=\"967\" \/>Chaque film de protection est con\u00e7u avec exigence, dans le respect de standards de qualit\u00e9 \u00e9lev\u00e9s, afin d\u2019accompagner les utilisateurs en toute confiance, jour apr\u00e8s jour.<\/p><p data-start=\"1140\" data-end=\"1198\"><strong data-start=\"1140\" data-end=\"1198\">NEW\u2019C, c\u2019est l\u2019exp\u00e9rience au service de la protection.<\/strong><\/p>\n\t\t\t\t\t<\/div>\n\t\t\t\t\t\t<\/div>\n\t\t\t\t<\/div>\n\t\t\t\t<div class=\"elementor-element elementor-element-ae60863 elementor-widget elementor-widget-wd_button\" data-id=\"ae60863\" data-element_type=\"widget\" data-widget_type=\"wd_button.default\">\n\t\t\t\t<div class=\"elementor-widget-container\">\n\t\t\t\t\t\t\t<div class=\"wd-button-wrapper text-left wd-collapsible-button\" >\n\t\t\t<a class=\"btn btn-style-link btn-shape- btn-size-default btn-color-primary btn-icon-pos-right\"  href=\"#\">\n\t\t\t\t<span class=\"wd-btn-text\" data-elementor-setting-key=\"text\">\n\t\t\t\t\tRead More\t\t\t\t<\/span>\n\n\t\t\t\t\t\t\t<\/a>\n\t\t<\/div>\n\t\t\t\t\t\t<\/div>\n\t\t\t\t<\/div>\n\t\t\t\t\t<\/div>\n\t\t\t\t<\/div>\n\t\t\t\t<\/div>\n\t\t","protected":false},"excerpt":{"rendered":"<p>Votre nom Votre adresse e-mail Objet Votre message (Facultatif) SALISE 10 PASSAGE DE L&rsquo;AVENIR, 93300 AUBERVILLIERS Du lundi au vendredi<\/p>\n","protected":false},"author":1,"featured_media":0,"parent":0,"menu_order":0,"comment_status":"closed","ping_status":"closed","template":"","meta":{"footnotes":""},"class_list":["post-29","page","type-page","status-publish","hentry"],"_links":{"self":[{"href":"https:\/\/newc.fr\/fr\/wp-json\/wp\/v2\/pages\/29","targetHints":{"allow":["GET"]}}],"collection":[{"href":"https:\/\/newc.fr\/fr\/wp-json\/wp\/v2\/pages"}],"about":[{"href":"https:\/\/newc.fr\/fr\/wp-json\/wp\/v2\/types\/page"}],"author":[{"embeddable":true,"href":"https:\/\/newc.fr\/fr\/wp-json\/wp\/v2\/users\/1"}],"replies":[{"embeddable":true,"href":"https:\/\/newc.fr\/fr\/wp-json\/wp\/v2\/comments?post=29"}],"version-history":[{"count":10,"href":"https:\/\/newc.fr\/fr\/wp-json\/wp\/v2\/pages\/29\/revisions"}],"predecessor-version":[{"id":19780,"href":"https:\/\/newc.fr\/fr\/wp-json\/wp\/v2\/pages\/29\/revisions\/19780"}],"wp:attachment":[{"href":"https:\/\/newc.fr\/fr\/wp-json\/wp\/v2\/media?parent=29"}],"curies":[{"name":"wp","href":"https:\/\/api.w.org\/{rel}","templated":true}]}}